{"id":1476,"date":"2025-10-20T08:04:46","date_gmt":"2025-10-20T08:04:46","guid":{"rendered":"http:\/\/MultiSiteAdmin"},"modified":"2026-03-06T08:51:14","modified_gmt":"2026-03-06T08:51:14","slug":"book-an-online-meeting","status":"publish","type":"page","link":"https:\/\/fiscalinfotv.fi\/en\/book-an-online-meeting\/","title":{"rendered":"Varaa ilmainen esittely"},"content":{"rendered":"\t\t<div data-elementor-type=\"wp-page\" data-elementor-id=\"1476\" class=\"elementor elementor-1476 elementor-781\" data-elementor-post-type=\"page\">\n\t\t\t\t<div class=\"elementor-element elementor-element-3afba39 e-flex e-con-boxed e-con e-parent\" data-id=\"3afba39\" data-element_type=\"container\" data-e-type=\"container\" data-settings=\"{&quot;background_background&quot;:&quot;classic&quot;}\">\n\t\t\t\t\t<div class=\"e-con-inner\">\n\t\t\t\t<div class=\"elementor-element elementor-element-f6230fa elementor-widget elementor-widget-heading\" data-id=\"f6230fa\" data-element_type=\"widget\" data-e-type=\"widget\" data-widget_type=\"heading.default\">\n\t\t\t\t<div class=\"elementor-widget-container\">\n\t\t\t\t\t<h1 class=\"elementor-heading-title elementor-size-default\">Book a Free Demo<\/h1>\t\t\t\t<\/div>\n\t\t\t\t<\/div>\n\t\t\t\t<div class=\"elementor-element elementor-element-376ee42 elementor-widget__width-initial elementor-widget elementor-widget-text-editor\" data-id=\"376ee42\" data-element_type=\"widget\" data-e-type=\"widget\" data-widget_type=\"text-editor.default\">\n\t\t\t\t<div class=\"elementor-widget-container\">\n\t\t\t\t\t\t\t\t\t<p>Use the form below to book a free demo session with us. The demo takes place as a Teams meeting, where we&#8217;ll go through your Info TV needs and show you how easy our system is to use.<\/p>\t\t\t\t\t\t\t\t<\/div>\n\t\t\t\t<\/div>\n\t\t\t\t<div class=\"elementor-element elementor-element-d760548 elementor-widget elementor-widget-wpforms\" data-id=\"d760548\" data-element_type=\"widget\" data-e-type=\"widget\" data-widget_type=\"wpforms.default\">\n\t\t\t\t<div class=\"elementor-widget-container\">\n\t\t\t\t\t<div class=\"wpforms-container wpforms-container-full wpforms-render-modern\" id=\"wpforms-784\"><form id=\"wpforms-form-784\" class=\"wpforms-validate wpforms-form wpforms-ajax-form\" data-formid=\"784\" method=\"post\" enctype=\"multipart\/form-data\" action=\"\/en\/wp-json\/wp\/v2\/pages\/1476\" data-token=\"fbe760a753a184307f39ff4068a0d3c8\" data-token-time=\"1778003955\"><noscript class=\"wpforms-error-noscript\">Please enable JavaScript in your browser to complete this form.<\/noscript><div id=\"wpforms-error-noscript\" style=\"display: none;\">Please enable JavaScript in your browser to complete this form.<\/div><div class=\"wpforms-field-container\">\t\t<div id=\"wpforms-784-field_3-container\"\n\t\t\tclass=\"wpforms-field wpforms-field-text\"\n\t\t\tdata-field-type=\"text\"\n\t\t\tdata-field-id=\"3\"\n\t\t\t>\n\t\t\t<label class=\"wpforms-field-label\" for=\"wpforms-784-field_3\" >Viesti Nimi Tietosuoja<\/label>\n\t\t\t<input type=\"text\" id=\"wpforms-784-field_3\" class=\"wpforms-field-medium\" name=\"wpforms[fields][3]\" >\n\t\t<\/div>\n\t\t<div id=\"wpforms-784-field_1-container\" class=\"wpforms-field wpforms-field-name\" data-field-id=\"1\"><label class=\"wpforms-field-label\" for=\"wpforms-784-field_1\">Nimi <span class=\"wpforms-required-label\" aria-hidden=\"true\">*<\/span><\/label><input type=\"text\" id=\"wpforms-784-field_1\" class=\"wpforms-field-medium wpforms-field-required\" name=\"wpforms[fields][1]\" aria-errormessage=\"wpforms-784-field_1-error\" required><\/div><div id=\"wpforms-784-field_2-container\" class=\"wpforms-field wpforms-field-email\" data-field-id=\"2\"><label class=\"wpforms-field-label\" for=\"wpforms-784-field_2\">S\u00e4hk\u00f6posti <span class=\"wpforms-required-label\" aria-hidden=\"true\">*<\/span><\/label><input type=\"email\" id=\"wpforms-784-field_2\" class=\"wpforms-field-medium wpforms-field-required\" name=\"wpforms[fields][2]\" spellcheck=\"false\" aria-errormessage=\"wpforms-784-field_2-error\" required><\/div><div id=\"wpforms-784-field_5-container\" class=\"wpforms-field wpforms-field-textarea\" data-field-id=\"5\"><label class=\"wpforms-field-label\" for=\"wpforms-784-field_5\">Viesti <span class=\"wpforms-required-label\" aria-hidden=\"true\">*<\/span><\/label><textarea id=\"wpforms-784-field_5\" class=\"wpforms-field-medium wpforms-field-required\" name=\"wpforms[fields][5]\" aria-errormessage=\"wpforms-784-field_5-error\" aria-describedby=\"wpforms-784-field_5-description\" required><\/textarea><div id=\"wpforms-784-field_5-description\" class=\"wpforms-field-description\">Kerro viestiss\u00e4 v\u00e4hint\u00e4\u00e4n toivottu p\u00e4iv\u00e4m\u00e4\u00e4r\u00e4 sek\u00e4 kellonaika esittelylle. <\/div><\/div><div id=\"wpforms-784-field_4-container\" class=\"wpforms-field wpforms-field-checkbox\" data-field-id=\"4\"><fieldset><legend class=\"wpforms-field-label\">Tietosuoja <span class=\"wpforms-required-label\" aria-hidden=\"true\">*<\/span><\/legend><ul id=\"wpforms-784-field_4\" class=\"wpforms-field-required\"><li class=\"choice-1 depth-1\"><input type=\"checkbox\" id=\"wpforms-784-field_4_1\" name=\"wpforms[fields][4][]\" value=\"Tietoni saa tallentaa yhteydenottoja varten\" aria-errormessage=\"wpforms-784-field_4_1-error\" aria-describedby=\"wpforms-784-field_4-description\" required ><label class=\"wpforms-field-label-inline\" for=\"wpforms-784-field_4_1\">Tietoni saa tallentaa yhteydenottoja varten<\/label><\/li><\/ul><div id=\"wpforms-784-field_4-description\" class=\"wpforms-field-description\">Antamalla tiedot verkkosivuilla olevalla yhteydenottolomakkeella suostut siihen, ett\u00e4 tietoja voidaan k\u00e4ytt\u00e4\u00e4 Fiscal Oy:n l\u00e4hett\u00e4miin viesteihin s\u00e4hk\u00f6postitse tai puhelimitse. Lis\u00e4ksi tiedot tallennetaan viestint\u00e4\u00e4 varten yhteystietokantaan. Tarkemmat tiedot l\u00f6yd\u00e4t t\u00e4m\u00e4n sivuston alapalkissa olevasta Tietosuojaselosteesta.<\/div><\/fieldset><\/div><script>\n\t\t\t\t( function() {\n\t\t\t\t\tconst style = document.createElement( 'style' );\n\t\t\t\t\tstyle.appendChild( document.createTextNode( '#wpforms-784-field_3-container { position: absolute !important; overflow: hidden !important; display: inline !important; height: 1px !important; width: 1px !important; z-index: -1000 !important; padding: 0 !important; } #wpforms-784-field_3-container input { visibility: hidden; } #wpforms-conversational-form-page #wpforms-784-field_3-container label { counter-increment: none; }' ) );\n\t\t\t\t\tdocument.head.appendChild( style );\n\t\t\t\t\tdocument.currentScript?.remove();\n\t\t\t\t} )();\n\t\t\t<\/script><\/div><!-- .wpforms-field-container --><div class=\"wpforms-submit-container\" ><input type=\"hidden\" name=\"wpforms[id]\" value=\"784\"><input type=\"hidden\" name=\"page_title\" value=\"\"><input type=\"hidden\" name=\"page_url\" value=\"https:\/\/fiscalinfotv.fi\/en\/wp-json\/wp\/v2\/pages\/1476\"><input type=\"hidden\" name=\"url_referer\" value=\"\"><button type=\"submit\" name=\"wpforms[submit]\" id=\"wpforms-submit-784\" class=\"wpforms-submit\" data-alt-text=\"L\u00e4hetet\u00e4\u00e4n...\" data-submit-text=\"L\u00e4het\u00e4\" aria-live=\"assertive\" value=\"wpforms-submit\">L\u00e4het\u00e4<\/button><img decoding=\"async\" src=\"https:\/\/fiscalinfotv.fi\/wp-content\/plugins\/wpforms-lite\/assets\/images\/submit-spin.svg\" class=\"wpforms-submit-spinner\" style=\"display: none;\" width=\"26\" height=\"26\" alt=\"Loading\"><\/div><\/form><\/div>  <!-- .wpforms-container -->\t\t\t\t<\/div>\n\t\t\t\t<\/div>\n\t\t\t\t\t<\/div>\n\t\t\t\t<\/div>\n\t\t\t\t<\/div>\n\t\t","protected":false},"excerpt":{"rendered":"<p>Book a Free Demo Use the form below to book a free demo session with us. The demo takes place as a Teams meeting, where we&#8217;ll go through your Info TV needs and show you how easy our system is to use. Please enable JavaScript in your browser to complete this form.Please enable JavaScript in [&hellip;]<\/p>\n","protected":false},"author":1,"featured_media":0,"parent":0,"menu_order":0,"comment_status":"closed","ping_status":"closed","template":"","meta":{"footnotes":""},"class_list":["post-1476","page","type-page","status-publish","hentry"],"_links":{"self":[{"href":"https:\/\/fiscalinfotv.fi\/en\/wp-json\/wp\/v2\/pages\/1476","targetHints":{"allow":["GET"]}}],"collection":[{"href":"https:\/\/fiscalinfotv.fi\/en\/wp-json\/wp\/v2\/pages"}],"about":[{"href":"https:\/\/fiscalinfotv.fi\/en\/wp-json\/wp\/v2\/types\/page"}],"author":[{"embeddable":true,"href":"https:\/\/fiscalinfotv.fi\/en\/wp-json\/wp\/v2\/users\/1"}],"replies":[{"embeddable":true,"href":"https:\/\/fiscalinfotv.fi\/en\/wp-json\/wp\/v2\/comments?post=1476"}],"version-history":[{"count":4,"href":"https:\/\/fiscalinfotv.fi\/en\/wp-json\/wp\/v2\/pages\/1476\/revisions"}],"predecessor-version":[{"id":2159,"href":"https:\/\/fiscalinfotv.fi\/en\/wp-json\/wp\/v2\/pages\/1476\/revisions\/2159"}],"wp:attachment":[{"href":"https:\/\/fiscalinfotv.fi\/en\/wp-json\/wp\/v2\/media?parent=1476"}],"curies":[{"name":"wp","href":"https:\/\/api.w.org\/{rel}","templated":true}]}}